{"id":356,"date":"2021-08-05T16:06:09","date_gmt":"2021-08-05T14:06:09","guid":{"rendered":"http:\/\/xtool-info.com\/?page_id=356"},"modified":"2021-08-05T16:08:01","modified_gmt":"2021-08-05T14:08:01","slug":"keydiy-kd-x2","status":"publish","type":"page","link":"https:\/\/xtool-info.com\/index.php\/keydiy-kd-x2\/","title":{"rendered":"KEYDIY KD-X2"},"content":{"rendered":"\t\t<div data-elementor-type=\"wp-page\" data-elementor-id=\"356\" class=\"elementor elementor-356\" data-elementor-settings=\"[]\">\n\t\t\t\t\t\t\t<div class=\"elementor-section-wrap\">\n\t\t\t\t\t\t\t<section class=\"elementor-section elementor-top-section elementor-element elementor-element-dd19c31 elementor-section-full_width elementor-section-height-default elementor-section-height-default\" data-id=\"dd19c31\" data-element_type=\"section\">\n\t\t\t\t\t\t<div class=\"elementor-container elementor-column-gap-default\">\n\t\t\t\t\t<div class=\"elementor-column elementor-col-50 elementor-top-column elementor-element elementor-element-9983d16\" data-id=\"9983d16\" data-element_type=\"column\">\n\t\t\t<div class=\"elementor-widget-wrap elementor-element-populated\">\n\t\t\t\t\t\t\t\t<div class=\"elementor-element elementor-element-84ea085 elementor-widget elementor-widget-image\" data-id=\"84ea085\" data-element_type=\"widget\" data-widget_type=\"image.default\">\n\t\t\t\t<div class=\"elementor-widget-container\">\n\t\t\t\t\t\t\t\t\t\t\t\t\t\t\t<img width=\"800\" height=\"800\" src=\"https:\/\/xtool-info.com\/wp-content\/uploads\/2021\/08\/KEYDIY-KD-X2.jpg\" class=\"attachment-large size-large\" alt=\"\" loading=\"lazy\" srcset=\"https:\/\/xtool-info.com\/wp-content\/uploads\/2021\/08\/KEYDIY-KD-X2.jpg 800w, https:\/\/xtool-info.com\/wp-content\/uploads\/2021\/08\/KEYDIY-KD-X2-300x300.jpg 300w, https:\/\/xtool-info.com\/wp-content\/uploads\/2021\/08\/KEYDIY-KD-X2-150x150.jpg 150w, https:\/\/xtool-info.com\/wp-content\/uploads\/2021\/08\/KEYDIY-KD-X2-768x768.jpg 768w\" sizes=\"(max-width: 800px) 100vw, 800px\" \/>\t\t\t\t\t\t\t\t\t\t\t\t\t\t\t<\/div>\n\t\t\t\t<\/div>\n\t\t\t\t\t<\/div>\n\t\t<\/div>\n\t\t\t\t<div class=\"elementor-column elementor-col-50 elementor-top-column elementor-element elementor-element-bbe309f\" data-id=\"bbe309f\" data-element_type=\"column\">\n\t\t\t<div class=\"elementor-widget-wrap elementor-element-populated\">\n\t\t\t\t\t\t\t\t<div class=\"elementor-element elementor-element-824b620 elementor-widget elementor-widget-heading\" data-id=\"824b620\" data-element_type=\"widget\" data-widget_type=\"heading.default\">\n\t\t\t\t<div class=\"elementor-widget-container\">\n\t\t\t<h2 class=\"elementor-heading-title elementor-size-default\">KEYDIY KD-X2<\/h2>\t\t<\/div>\n\t\t\t\t<\/div>\n\t\t\t\t<section class=\"elementor-section elementor-inner-section elementor-element elementor-element-fb9cd80 elementor-section-boxed elementor-section-height-default elementor-section-height-default\" data-id=\"fb9cd80\" data-element_type=\"section\">\n\t\t\t\t\t\t<div class=\"elementor-container elementor-column-gap-default\">\n\t\t\t\t\t<div class=\"elementor-column elementor-col-100 elementor-inner-column elementor-element elementor-element-7a1faee\" data-id=\"7a1faee\" data-element_type=\"column\">\n\t\t\t<div class=\"elementor-widget-wrap elementor-element-populated\">\n\t\t\t\t\t\t\t\t<div class=\"elementor-element elementor-element-2737154 elementor-widget elementor-widget-text-editor\" data-id=\"2737154\" data-element_type=\"widget\" data-widget_type=\"text-editor.default\">\n\t\t\t\t<div class=\"elementor-widget-container\">\n\t\t\t\t\t\t\t\t<p><strong>KEYDIY KD X2\u00a0g\u00e9n\u00e9rateur de t\u00e9l\u00e9commandes<\/strong><\/p><p>Le\u00a0<strong>KD-X2<\/strong>\u00a0est l&#8217;\u00e9volution du\u00a0<strong>KD900<\/strong>, il vous permet de cloner , lire , ou g\u00e9n\u00e9rer des transpondeur en plus de ses fonctions pour g\u00e9n\u00e9rer les t\u00e9l\u00e9commandes de voitures\u00a0<\/p><p>Permet de codifi\u00e9 plus de 500 mod\u00e8les et plus de 37 marques avec seulement 2 t\u00e9l\u00e9commandes differentes!<\/p><p>S\u00e9rie NB &#8211; <strong>S\u00e9rie B<\/strong> &#8211; S\u00e9rie ZB<\/p>\t\t\t\t\t\t<\/div>\n\t\t\t\t<\/div>\n\t\t\t\t<div class=\"elementor-element elementor-element-4111535 elementor-widget elementor-widget-button\" data-id=\"4111535\" data-element_type=\"widget\" data-widget_type=\"button.default\">\n\t\t\t\t<div class=\"elementor-widget-container\">\n\t\t\t\t\t<div class=\"elementor-button-wrapper\">\n\t\t\t<a href=\"https:\/\/www.keyfirst.eu\/fr\/clonage\/416-kd-x2-keydiy-france-dispositif-de-clonage-de-transpondeurs-et-generation-de-telecommande-psa.html\" target=\"_blank\" class=\"elementor-button-link elementor-button elementor-size-md\" role=\"button\">\n\t\t\t\t\t\t<span class=\"elementor-button-content-wrapper\">\n\t\t\t\t\t\t<span class=\"elementor-button-text\">Acheter ce produit<\/span>\n\t\t<\/span>\n\t\t\t\t\t<\/a>\n\t\t<\/div>\n\t\t\t\t<\/div>\n\t\t\t\t<\/div>\n\t\t\t\t\t<\/div>\n\t\t<\/div>\n\t\t\t\t\t\t\t<\/div>\n\t\t<\/section>\n\t\t\t\t\t<\/div>\n\t\t<\/div>\n\t\t\t\t\t\t\t<\/div>\n\t\t<\/section>\n\t\t\t\t<section class=\"elementor-section elementor-top-section elementor-element elementor-element-631ac30 elementor-section-full_width elementor-section-height-default elementor-section-height-default\" data-id=\"631ac30\" data-element_type=\"section\">\n\t\t\t\t\t\t<div class=\"elementor-container elementor-column-gap-default\">\n\t\t\t\t\t<div class=\"elementor-column elementor-col-100 elementor-top-column elementor-element elementor-element-0bede99\" data-id=\"0bede99\" data-element_type=\"column\">\n\t\t\t<div class=\"elementor-widget-wrap elementor-element-populated\">\n\t\t\t\t\t\t\t\t<div class=\"elementor-element elementor-element-3251cab elementor-widget elementor-widget-heading\" data-id=\"3251cab\" data-element_type=\"widget\" data-widget_type=\"heading.default\">\n\t\t\t\t<div class=\"elementor-widget-container\">\n\t\t\t<h2 class=\"elementor-heading-title elementor-size-default\">Les caract\u00e9ristiques<\/h2>\t\t<\/div>\n\t\t\t\t<\/div>\n\t\t\t\t\t<\/div>\n\t\t<\/div>\n\t\t\t\t\t\t\t<\/div>\n\t\t<\/section>\n\t\t\t\t<section class=\"elementor-section elementor-top-section elementor-element elementor-element-27a4fe8 elementor-section-full_width elementor-section-height-default elementor-section-height-default\" data-id=\"27a4fe8\" data-element_type=\"section\">\n\t\t\t\t\t\t<div class=\"elementor-container elementor-column-gap-default\">\n\t\t\t\t\t<div class=\"elementor-column elementor-col-100 elementor-top-column elementor-element elementor-element-2cadd65\" data-id=\"2cadd65\" data-element_type=\"column\">\n\t\t\t<div class=\"elementor-widget-wrap elementor-element-populated\">\n\t\t\t\t\t\t\t\t<div class=\"elementor-element elementor-element-6996eec elementor-widget elementor-widget-text-editor\" data-id=\"6996eec\" data-element_type=\"widget\" data-widget_type=\"text-editor.default\">\n\t\t\t\t<div class=\"elementor-widget-container\">\n\t\t\t\t\t\t\t\t<p>Le\u00a0<strong>KD-X2<\/strong>est un dispositif de\u00a0g\u00e9n\u00e9ration\u00a0de t\u00e9l\u00e9commandes universelles de v\u00e9hicules<\/p><p>Possibilit\u00e9 de produire plus de 500 t\u00e9l\u00e9commandes de voitures diff\u00e9rentes avec seulement 6 t\u00e9l\u00e9commandes compatibles parmi\u00a0lesquels : Peugeot, Citro\u00ebn, Renault, Volkswagen, Audi, Seat, Skoda, Opel, Ford, Nissan, BMW, Chevrolet, Fiat, Hyundai, Kia, Toyota, Mazda, Mitsubishi, Landrover, Suzuki, Honda, Chrysler, Cadillac, Daihatsu, Chery, Isuzu, Jaguar, Porsche, Volvo, Ssangyong,, &#8230;..<\/p><p>Il permet d\u00e9sormais de cloner , g\u00e9n\u00e9rer ou lire\u00a0 une multitude de transpondeurs :<\/p><p>ID46<br \/>ID4C<br \/>ID48<br \/>Toyota<br \/>ID48 96 bits<br \/>4D<br \/>Et bien d&#8217;autres<\/p><p>Evolution \u00a0et mise \u00e0 jour permanente (mise \u00e0 jour gratuite)<\/p>\t\t\t\t\t\t<\/div>\n\t\t\t\t<\/div>\n\t\t\t\t\t<\/div>\n\t\t<\/div>\n\t\t\t\t\t\t\t<\/div>\n\t\t<\/section>\n\t\t\t\t<section class=\"elementor-section elementor-top-section elementor-element elementor-element-79bc12d elementor-section-full_width elementor-section-height-default elementor-section-height-default\" data-id=\"79bc12d\" data-element_type=\"section\">\n\t\t\t\t\t\t<div class=\"elementor-container elementor-column-gap-default\">\n\t\t\t\t\t<div class=\"elementor-column elementor-col-100 elementor-top-column elementor-element elementor-element-2dd26e5\" data-id=\"2dd26e5\" data-element_type=\"column\">\n\t\t\t<div class=\"elementor-widget-wrap elementor-element-populated\">\n\t\t\t\t\t\t\t\t<div class=\"elementor-element elementor-element-7932965 elementor-widget elementor-widget-heading\" data-id=\"7932965\" data-element_type=\"widget\" data-widget_type=\"heading.default\">\n\t\t\t\t<div class=\"elementor-widget-container\">\n\t\t\t<h2 class=\"elementor-heading-title elementor-size-default\">Le pack contient<\/h2>\t\t<\/div>\n\t\t\t\t<\/div>\n\t\t\t\t\t<\/div>\n\t\t<\/div>\n\t\t\t\t\t\t\t<\/div>\n\t\t<\/section>\n\t\t\t\t<section class=\"elementor-section elementor-top-section elementor-element elementor-element-7623748 elementor-section-full_width elementor-section-height-default elementor-section-height-default\" data-id=\"7623748\" data-element_type=\"section\">\n\t\t\t\t\t\t<div class=\"elementor-container elementor-column-gap-default\">\n\t\t\t\t\t<div class=\"elementor-column elementor-col-100 elementor-top-column elementor-element elementor-element-32f70e8\" data-id=\"32f70e8\" data-element_type=\"column\">\n\t\t\t<div class=\"elementor-widget-wrap elementor-element-populated\">\n\t\t\t\t\t\t\t\t<div class=\"elementor-element elementor-element-6a91865 elementor-widget elementor-widget-text-editor\" data-id=\"6a91865\" data-element_type=\"widget\" data-widget_type=\"text-editor.default\">\n\t\t\t\t<div class=\"elementor-widget-container\">\n\t\t\t\t\t\t\t\t<p>Une Machine KD900\u00a0<br \/>Un C\u00e2ble\u00a0de connexion\u00a0<br \/>3 t\u00e9l\u00e9commandes les plus couramment utilis\u00e9s<br \/>C\u00e2ble de Donn\u00e9es \u00c0 Distance x1 pi\u00e8ce<br \/>C\u00e2ble\u00a0de connexion \u00e0 utiliser entre le KD900 et le circuit imprim\u00e9 de la cl\u00e9 KD<br \/><strong>L&#8217;<span id=\"spans0e0\" class=\"sac\">acc\u00e8s<\/span>\u00a0aux documents techniques est uniquement accessible aux clients ayant souscrit au support technique.<\/strong><\/p><p><strong>Les cl\u00e9s g\u00e9n\u00e9r\u00e9es par le KD900 sont compatibles avec les outils existants des marques ABRITES\u2122, ZEDFULL\u2122, SILCA\u2122 SMART PRO\u2122, MVP PRO\u2122, AD100 PRO\u2122, XTOOL X100PAD<\/strong><\/p>\t\t\t\t\t\t<\/div>\n\t\t\t\t<\/div>\n\t\t\t\t<div class=\"elementor-element elementor-element-2a4be49 elementor-widget elementor-widget-button\" data-id=\"2a4be49\" data-element_type=\"widget\" data-widget_type=\"button.default\">\n\t\t\t\t<div class=\"elementor-widget-container\">\n\t\t\t\t\t<div class=\"elementor-button-wrapper\">\n\t\t\t<a href=\"https:\/\/www.keyfirst.eu\/fr\/clonage\/416-kd-x2-keydiy-france-dispositif-de-clonage-de-transpondeurs-et-generation-de-telecommande-psa.html\" target=\"_blank\" class=\"elementor-button-link elementor-button elementor-size-md\" role=\"button\">\n\t\t\t\t\t\t<span class=\"elementor-button-content-wrapper\">\n\t\t\t\t\t\t<span class=\"elementor-button-text\">Acheter ce produit<\/span>\n\t\t<\/span>\n\t\t\t\t\t<\/a>\n\t\t<\/div>\n\t\t\t\t<\/div>\n\t\t\t\t<\/div>\n\t\t\t\t\t<\/div>\n\t\t<\/div>\n\t\t\t\t\t\t\t<\/div>\n\t\t<\/section>\n\t\t\t\t<section class=\"elementor-section elementor-top-section elementor-element elementor-element-82cb6e5 elementor-section-full_width elementor-section-height-default elementor-section-height-default\" data-id=\"82cb6e5\" data-element_type=\"section\">\n\t\t\t\t\t\t<div class=\"elementor-container elementor-column-gap-default\">\n\t\t\t\t\t<div class=\"elementor-column elementor-col-100 elementor-top-column elementor-element elementor-element-404611a\" data-id=\"404611a\" data-element_type=\"column\">\n\t\t\t<div class=\"elementor-widget-wrap elementor-element-populated\">\n\t\t\t\t\t\t\t\t<div class=\"elementor-element elementor-element-28554d8 elementor-widget elementor-widget-spacer\" data-id=\"28554d8\" data-element_type=\"widget\" data-widget_type=\"spacer.default\">\n\t\t\t\t<div class=\"elementor-widget-container\">\n\t\t\t\t\t<div class=\"elementor-spacer\">\n\t\t\t<div class=\"elementor-spacer-inner\"><\/div>\n\t\t<\/div>\n\t\t\t\t<\/div>\n\t\t\t\t<\/div>\n\t\t\t\t\t<\/div>\n\t\t<\/div>\n\t\t\t\t\t\t\t<\/div>\n\t\t<\/section>\n\t\t\t\t\t\t<\/div>\n\t\t\t\t\t<\/div>\n\t\t","protected":false},"excerpt":{"rendered":"<p>KEYDIY KD-X2 KEYDIY KD X2\u00a0g\u00e9n\u00e9rateur de t\u00e9l\u00e9commandes Le\u00a0KD-X2\u00a0est l&#8217;\u00e9volution du\u00a0KD900, il vous permet de cloner , lire , ou g\u00e9n\u00e9rer des transpondeur en plus de ses fonctions pour g\u00e9n\u00e9rer les &#8230;<\/p>\n","protected":false},"author":1,"featured_media":0,"parent":0,"menu_order":0,"comment_status":"closed","ping_status":"closed","template":"elementor_header_footer","meta":[],"yoast_head":"<!-- This site is optimized with the Yoast SEO plugin v16.8 - https:\/\/yoast.com\/wordpress\/plugins\/seo\/ -->\n<title>KEYDIY KD-X2 - Xtool France<\/title>\n<meta name=\"robots\" content=\"index, follow, max-snippet:-1, max-image-preview:large, max-video-preview:-1\" \/>\n<link rel=\"canonical\" href=\"http:\/\/xtool-info.com\/index.php\/keydiy-kd-x2\/\" \/>\n<meta property=\"og:locale\" content=\"en_US\" \/>\n<meta property=\"og:type\" content=\"article\" \/>\n<meta property=\"og:title\" content=\"KEYDIY KD-X2 - Xtool France\" \/>\n<meta property=\"og:description\" content=\"KEYDIY KD-X2 KEYDIY KD X2\u00a0g\u00e9n\u00e9rateur de t\u00e9l\u00e9commandes Le\u00a0KD-X2\u00a0est l&#8217;\u00e9volution du\u00a0KD900, il vous permet de cloner , lire , ou g\u00e9n\u00e9rer des transpondeur en plus de ses fonctions pour g\u00e9n\u00e9rer les ...\" \/>\n<meta property=\"og:url\" content=\"http:\/\/xtool-info.com\/index.php\/keydiy-kd-x2\/\" \/>\n<meta property=\"og:site_name\" content=\"Xtool France\" \/>\n<meta property=\"article:modified_time\" content=\"2021-08-05T14:08:01+00:00\" \/>\n<meta property=\"og:image\" content=\"http:\/\/xtool-info.com\/wp-content\/uploads\/2021\/08\/KEYDIY-KD-X2.jpg\" \/>\n<meta name=\"twitter:card\" content=\"summary_large_image\" \/>\n<meta name=\"twitter:label1\" content=\"Est. reading time\" \/>\n\t<meta name=\"twitter:data1\" content=\"2 minutes\" \/>\n<script type=\"application\/ld+json\" class=\"yoast-schema-graph\">{\"@context\":\"https:\/\/schema.org\",\"@graph\":[{\"@type\":\"WebSite\",\"@id\":\"http:\/\/xtool-info.com\/#website\",\"url\":\"http:\/\/xtool-info.com\/\",\"name\":\"Xtool France\",\"description\":\"Vos produits Xtool\",\"potentialAction\":[{\"@type\":\"SearchAction\",\"target\":{\"@type\":\"EntryPoint\",\"urlTemplate\":\"http:\/\/xtool-info.com\/?s={search_term_string}\"},\"query-input\":\"required name=search_term_string\"}],\"inLanguage\":\"en-US\"},{\"@type\":\"ImageObject\",\"@id\":\"http:\/\/xtool-info.com\/index.php\/keydiy-kd-x2\/#primaryimage\",\"inLanguage\":\"en-US\",\"url\":\"http:\/\/xtool-info.com\/wp-content\/uploads\/2021\/08\/KEYDIY-KD-X2.jpg\",\"contentUrl\":\"http:\/\/xtool-info.com\/wp-content\/uploads\/2021\/08\/KEYDIY-KD-X2.jpg\"},{\"@type\":\"WebPage\",\"@id\":\"http:\/\/xtool-info.com\/index.php\/keydiy-kd-x2\/#webpage\",\"url\":\"http:\/\/xtool-info.com\/index.php\/keydiy-kd-x2\/\",\"name\":\"KEYDIY KD-X2 - Xtool France\",\"isPartOf\":{\"@id\":\"http:\/\/xtool-info.com\/#website\"},\"primaryImageOfPage\":{\"@id\":\"http:\/\/xtool-info.com\/index.php\/keydiy-kd-x2\/#primaryimage\"},\"datePublished\":\"2021-08-05T14:06:09+00:00\",\"dateModified\":\"2021-08-05T14:08:01+00:00\",\"breadcrumb\":{\"@id\":\"http:\/\/xtool-info.com\/index.php\/keydiy-kd-x2\/#breadcrumb\"},\"inLanguage\":\"en-US\",\"potentialAction\":[{\"@type\":\"ReadAction\",\"target\":[\"http:\/\/xtool-info.com\/index.php\/keydiy-kd-x2\/\"]}]},{\"@type\":\"BreadcrumbList\",\"@id\":\"http:\/\/xtool-info.com\/index.php\/keydiy-kd-x2\/#breadcrumb\",\"itemListElement\":[{\"@type\":\"ListItem\",\"position\":1,\"name\":\"KEYDIY KD-X2\"}]}]}<\/script>\n<!-- \/ Yoast SEO plugin. -->","yoast_head_json":{"title":"KEYDIY KD-X2 - Xtool France","robots":{"index":"index","follow":"follow","max-snippet":"max-snippet:-1","max-image-preview":"max-image-preview:large","max-video-preview":"max-video-preview:-1"},"canonical":"http:\/\/xtool-info.com\/index.php\/keydiy-kd-x2\/","og_locale":"en_US","og_type":"article","og_title":"KEYDIY KD-X2 - Xtool France","og_description":"KEYDIY KD-X2 KEYDIY KD X2\u00a0g\u00e9n\u00e9rateur de t\u00e9l\u00e9commandes Le\u00a0KD-X2\u00a0est l&#8217;\u00e9volution du\u00a0KD900, il vous permet de cloner , lire , ou g\u00e9n\u00e9rer des transpondeur en plus de ses fonctions pour g\u00e9n\u00e9rer les ...","og_url":"http:\/\/xtool-info.com\/index.php\/keydiy-kd-x2\/","og_site_name":"Xtool France","article_modified_time":"2021-08-05T14:08:01+00:00","og_image":[{"url":"http:\/\/xtool-info.com\/wp-content\/uploads\/2021\/08\/KEYDIY-KD-X2.jpg"}],"twitter_card":"summary_large_image","twitter_misc":{"Est. reading time":"2 minutes"},"schema":{"@context":"https:\/\/schema.org","@graph":[{"@type":"WebSite","@id":"http:\/\/xtool-info.com\/#website","url":"http:\/\/xtool-info.com\/","name":"Xtool France","description":"Vos produits Xtool","potentialAction":[{"@type":"SearchAction","target":{"@type":"EntryPoint","urlTemplate":"http:\/\/xtool-info.com\/?s={search_term_string}"},"query-input":"required name=search_term_string"}],"inLanguage":"en-US"},{"@type":"ImageObject","@id":"http:\/\/xtool-info.com\/index.php\/keydiy-kd-x2\/#primaryimage","inLanguage":"en-US","url":"http:\/\/xtool-info.com\/wp-content\/uploads\/2021\/08\/KEYDIY-KD-X2.jpg","contentUrl":"http:\/\/xtool-info.com\/wp-content\/uploads\/2021\/08\/KEYDIY-KD-X2.jpg"},{"@type":"WebPage","@id":"http:\/\/xtool-info.com\/index.php\/keydiy-kd-x2\/#webpage","url":"http:\/\/xtool-info.com\/index.php\/keydiy-kd-x2\/","name":"KEYDIY KD-X2 - Xtool France","isPartOf":{"@id":"http:\/\/xtool-info.com\/#website"},"primaryImageOfPage":{"@id":"http:\/\/xtool-info.com\/index.php\/keydiy-kd-x2\/#primaryimage"},"datePublished":"2021-08-05T14:06:09+00:00","dateModified":"2021-08-05T14:08:01+00:00","breadcrumb":{"@id":"http:\/\/xtool-info.com\/index.php\/keydiy-kd-x2\/#breadcrumb"},"inLanguage":"en-US","potentialAction":[{"@type":"ReadAction","target":["http:\/\/xtool-info.com\/index.php\/keydiy-kd-x2\/"]}]},{"@type":"BreadcrumbList","@id":"http:\/\/xtool-info.com\/index.php\/keydiy-kd-x2\/#breadcrumb","itemListElement":[{"@type":"ListItem","position":1,"name":"KEYDIY KD-X2"}]}]}},"_links":{"self":[{"href":"https:\/\/xtool-info.com\/index.php\/wp-json\/wp\/v2\/pages\/356"}],"collection":[{"href":"https:\/\/xtool-info.com\/index.php\/wp-json\/wp\/v2\/pages"}],"about":[{"href":"https:\/\/xtool-info.com\/index.php\/wp-json\/wp\/v2\/types\/page"}],"author":[{"embeddable":true,"href":"https:\/\/xtool-info.com\/index.php\/wp-json\/wp\/v2\/users\/1"}],"replies":[{"embeddable":true,"href":"https:\/\/xtool-info.com\/index.php\/wp-json\/wp\/v2\/comments?post=356"}],"version-history":[{"count":4,"href":"https:\/\/xtool-info.com\/index.php\/wp-json\/wp\/v2\/pages\/356\/revisions"}],"predecessor-version":[{"id":360,"href":"https:\/\/xtool-info.com\/index.php\/wp-json\/wp\/v2\/pages\/356\/revisions\/360"}],"wp:attachment":[{"href":"https:\/\/xtool-info.com\/index.php\/wp-json\/wp\/v2\/media?parent=356"}],"curies":[{"name":"wp","href":"https:\/\/api.w.org\/{rel}","templated":true}]}}